{"id":10326,"date":"2023-08-24T19:00:05","date_gmt":"2023-08-24T23:00:05","guid":{"rendered":"https:\/\/www.lacoursierebio-organic.com\/?post_type=product&#038;p=10326"},"modified":"2024-09-03T14:05:12","modified_gmt":"2024-09-03T18:05:12","slug":"grand-panier-douce-mousse","status":"publish","type":"product","link":"https:\/\/z-lacoursierebio.temoignagesvideo.com\/en\/product\/grand-panier-douce-mousse\/","title":{"rendered":"Douce Mousse large basket"},"content":{"rendered":"","protected":false},"excerpt":{"rendered":"<p>Here's the Douce Mousse storage basket you asked for!<\/p>\n<p>With its beautiful divisions, timeless look and large storage capacity, you'll be able to place all your mini essentials in it while adding a little dose of softness and beauty to your room.<\/p>\n<p>*S&rsquo;il-vous-pla\u00eet notez que le panier sera vide \u00e0 la r\u00e9ception et qu&rsquo;il a \u00e9t\u00e9 rempli \u00e0 des fins esth\u00e9tiques pour la photo.<\/p>","protected":false},"featured_media":10329,"template":"","meta":[],"product_brand":[],"product_cat":[17,67,19],"product_tag":[],"class_list":{"0":"post-10326","1":"product","2":"type-product","3":"status-publish","4":"has-post-thumbnail","6":"product_cat-bebe","7":"product_cat-panier-cadeau","8":"product_cat-tout","10":"first","11":"instock","12":"taxable","13":"shipping-taxable","14":"purchasable","15":"product-type-simple"},"_links":{"self":[{"href":"https:\/\/z-lacoursierebio.temoignagesvideo.com\/en\/wp-json\/wp\/v2\/product\/10326","targetHints":{"allow":["GET"]}}],"collection":[{"href":"https:\/\/z-lacoursierebio.temoignagesvideo.com\/en\/wp-json\/wp\/v2\/product"}],"about":[{"href":"https:\/\/z-lacoursierebio.temoignagesvideo.com\/en\/wp-json\/wp\/v2\/types\/product"}],"wp:featuredmedia":[{"embeddable":true,"href":"https:\/\/z-lacoursierebio.temoignagesvideo.com\/en\/wp-json\/wp\/v2\/media\/10329"}],"wp:attachment":[{"href":"https:\/\/z-lacoursierebio.temoignagesvideo.com\/en\/wp-json\/wp\/v2\/media?parent=10326"}],"wp:term":[{"taxonomy":"product_brand","embeddable":true,"href":"https:\/\/z-lacoursierebio.temoignagesvideo.com\/en\/wp-json\/wp\/v2\/product_brand?post=10326"},{"taxonomy":"product_cat","embeddable":true,"href":"https:\/\/z-lacoursierebio.temoignagesvideo.com\/en\/wp-json\/wp\/v2\/product_cat?post=10326"},{"taxonomy":"product_tag","embeddable":true,"href":"https:\/\/z-lacoursierebio.temoignagesvideo.com\/en\/wp-json\/wp\/v2\/product_tag?post=10326"}],"curies":[{"name":"wp","href":"https:\/\/api.w.org\/{rel}","templated":true}]}}