{"id":10335,"date":"2023-08-24T19:00:58","date_gmt":"2023-08-24T23:00:58","guid":{"rendered":"https:\/\/www.lacoursierebio-organic.com\/?post_type=product&#038;p=10335"},"modified":"2024-09-03T14:04:41","modified_gmt":"2024-09-03T18:04:41","slug":"panier-douce-mousse","status":"publish","type":"product","link":"https:\/\/z-lacoursierebio.temoignagesvideo.com\/en\/product\/panier-douce-mousse\/","title":{"rendered":"Douce Mousse basket"},"content":{"rendered":"","protected":false},"excerpt":{"rendered":"<p>Un panier Douce Mousse afin d&rsquo;y ranger tout le n\u00e9cessaire de b\u00e9b\u00e9, c&rsquo;est oui!<\/p>\n<p>Perfect for both changing tables and bath essentials, our new Douce Mousse basket will blend perfectly with your d\u00e9cor, while being super practical.<\/p>\n<p>C&rsquo;est aussi le panier que nous utilisons pour emballer le panier cadeau disponible sur notre boutique en ligne.<\/p>\n<p>*S&rsquo;il-vous-pla\u00eet notez que le panier sera vide \u00e0 la r\u00e9ception et qu&rsquo;il a \u00e9t\u00e9 rempli \u00e0 des fins esth\u00e9tiques pour la photo.<\/p>","protected":false},"featured_media":10336,"template":"","meta":[],"product_brand":[],"product_cat":[17,67,19],"product_tag":[],"class_list":{"0":"post-10335","1":"product","2":"type-product","3":"status-publish","4":"has-post-thumbnail","6":"product_cat-bebe","7":"product_cat-panier-cadeau","8":"product_cat-tout","10":"first","11":"instock","12":"taxable","13":"shipping-taxable","14":"purchasable","15":"product-type-simple"},"_links":{"self":[{"href":"https:\/\/z-lacoursierebio.temoignagesvideo.com\/en\/wp-json\/wp\/v2\/product\/10335","targetHints":{"allow":["GET"]}}],"collection":[{"href":"https:\/\/z-lacoursierebio.temoignagesvideo.com\/en\/wp-json\/wp\/v2\/product"}],"about":[{"href":"https:\/\/z-lacoursierebio.temoignagesvideo.com\/en\/wp-json\/wp\/v2\/types\/product"}],"wp:featuredmedia":[{"embeddable":true,"href":"https:\/\/z-lacoursierebio.temoignagesvideo.com\/en\/wp-json\/wp\/v2\/media\/10336"}],"wp:attachment":[{"href":"https:\/\/z-lacoursierebio.temoignagesvideo.com\/en\/wp-json\/wp\/v2\/media?parent=10335"}],"wp:term":[{"taxonomy":"product_brand","embeddable":true,"href":"https:\/\/z-lacoursierebio.temoignagesvideo.com\/en\/wp-json\/wp\/v2\/product_brand?post=10335"},{"taxonomy":"product_cat","embeddable":true,"href":"https:\/\/z-lacoursierebio.temoignagesvideo.com\/en\/wp-json\/wp\/v2\/product_cat?post=10335"},{"taxonomy":"product_tag","embeddable":true,"href":"https:\/\/z-lacoursierebio.temoignagesvideo.com\/en\/wp-json\/wp\/v2\/product_tag?post=10335"}],"curies":[{"name":"wp","href":"https:\/\/api.w.org\/{rel}","templated":true}]}}