{"id":11700,"date":"2024-01-18T13:00:10","date_gmt":"2024-01-18T18:00:10","guid":{"rendered":"https:\/\/www.lacoursierebio-organic.com\/?post_type=product&#038;p=11700"},"modified":"2025-04-20T17:35:27","modified_gmt":"2025-04-20T21:35:27","slug":"couverture-en-mousseline-de-coton-biologique","status":"publish","type":"product","link":"https:\/\/z-lacoursierebio.temoignagesvideo.com\/en\/product\/couverture-en-mousseline-de-coton-biologique\/","title":{"rendered":"Couverture en mousseline de coton fait au Qu\u00e9bec"},"content":{"rendered":"<div>Machine washable, it'll get softer with every wash!<\/div>\n<div><\/div>\n<div>Made in Quebec by Tirigolo &amp; Cie<\/div>\n<p>&nbsp;<\/p>\n<p>&nbsp;<\/p>","protected":false},"excerpt":{"rendered":"<p><em>New!<\/em><\/p>\n<p>We have created THE softest comforter for your little one.<\/p>\n<p>La couverture en mousseline de coton biologique ivoire est douce et l\u00e9g\u00e8re gr\u00e2ce \u00e0 son tissu qui respire. Elle peut \u00eatre utilis\u00e9e de multiples fa\u00e7ons: comme doudou, comme couverture d&#8217;emmaillotage ou bien encore comme couverture d&rsquo;allaitement.<\/p>\n<p>&nbsp;<\/p>\n<p>&nbsp;<\/p>","protected":false},"featured_media":11703,"template":"","meta":[],"product_brand":[],"product_cat":[17,19,83],"product_tag":[],"class_list":{"0":"post-11700","1":"product","2":"type-product","3":"status-publish","4":"has-post-thumbnail","6":"product_cat-bebe","7":"product_cat-tout","8":"product_cat-wholesale","10":"first","11":"instock","12":"taxable","13":"shipping-taxable","14":"purchasable","15":"product-type-simple"},"_links":{"self":[{"href":"https:\/\/z-lacoursierebio.temoignagesvideo.com\/en\/wp-json\/wp\/v2\/product\/11700","targetHints":{"allow":["GET"]}}],"collection":[{"href":"https:\/\/z-lacoursierebio.temoignagesvideo.com\/en\/wp-json\/wp\/v2\/product"}],"about":[{"href":"https:\/\/z-lacoursierebio.temoignagesvideo.com\/en\/wp-json\/wp\/v2\/types\/product"}],"wp:featuredmedia":[{"embeddable":true,"href":"https:\/\/z-lacoursierebio.temoignagesvideo.com\/en\/wp-json\/wp\/v2\/media\/11703"}],"wp:attachment":[{"href":"https:\/\/z-lacoursierebio.temoignagesvideo.com\/en\/wp-json\/wp\/v2\/media?parent=11700"}],"wp:term":[{"taxonomy":"product_brand","embeddable":true,"href":"https:\/\/z-lacoursierebio.temoignagesvideo.com\/en\/wp-json\/wp\/v2\/product_brand?post=11700"},{"taxonomy":"product_cat","embeddable":true,"href":"https:\/\/z-lacoursierebio.temoignagesvideo.com\/en\/wp-json\/wp\/v2\/product_cat?post=11700"},{"taxonomy":"product_tag","embeddable":true,"href":"https:\/\/z-lacoursierebio.temoignagesvideo.com\/en\/wp-json\/wp\/v2\/product_tag?post=11700"}],"curies":[{"name":"wp","href":"https:\/\/api.w.org\/{rel}","templated":true}]}}