{"id":11717,"date":"2024-01-18T13:00:00","date_gmt":"2024-01-18T18:00:00","guid":{"rendered":"https:\/\/www.lacoursierebio-organic.com\/?post_type=product&#038;p=11717"},"modified":"2025-04-06T18:34:36","modified_gmt":"2025-04-06T22:34:36","slug":"bonnet-nouveau-ne-en-coton-biologique","status":"publish","type":"product","link":"https:\/\/z-lacoursierebio.temoignagesvideo.com\/en\/product\/bonnet-nouveau-ne-en-coton-biologique\/","title":{"rendered":"Newborn bonnet in organic cotton"},"content":{"rendered":"<div>Size 0-3 months approx.<\/div>\n<div><\/div>\n<div>Lavable \u00e0 la machine \u00e0 l&rsquo;eau froide. Suspendre pour s\u00e9cher.<\/div>\n<div><\/div>\n<div>Made in Quebec by Tirigolo &amp; Cie<\/div>\n<p>&nbsp;<\/p>\n<p>&nbsp;<\/p>","protected":false},"excerpt":{"rendered":"<p><em>New!<\/em><\/p>\n<p>Here's the perfect toque to keep your newborn's little head warm.<\/p>\n<p>The beanie toque is lined and made of soft, stretchy organic cotton for your baby's comfort. Ideal for the weeks following birth and for the fresh spring breeze.<\/p>\n<p>&nbsp;<\/p>\n<p>&nbsp;<\/p>\n<p>&nbsp;<\/p>","protected":false},"featured_media":11720,"template":"","meta":[],"product_brand":[],"product_cat":[17,19,83],"product_tag":[],"class_list":{"0":"post-11717","1":"product","2":"type-product","3":"status-publish","4":"has-post-thumbnail","6":"product_cat-bebe","7":"product_cat-tout","8":"product_cat-wholesale","10":"first","11":"instock","12":"taxable","13":"shipping-taxable","14":"purchasable","15":"product-type-simple"},"_links":{"self":[{"href":"https:\/\/z-lacoursierebio.temoignagesvideo.com\/en\/wp-json\/wp\/v2\/product\/11717","targetHints":{"allow":["GET"]}}],"collection":[{"href":"https:\/\/z-lacoursierebio.temoignagesvideo.com\/en\/wp-json\/wp\/v2\/product"}],"about":[{"href":"https:\/\/z-lacoursierebio.temoignagesvideo.com\/en\/wp-json\/wp\/v2\/types\/product"}],"wp:featuredmedia":[{"embeddable":true,"href":"https:\/\/z-lacoursierebio.temoignagesvideo.com\/en\/wp-json\/wp\/v2\/media\/11720"}],"wp:attachment":[{"href":"https:\/\/z-lacoursierebio.temoignagesvideo.com\/en\/wp-json\/wp\/v2\/media?parent=11717"}],"wp:term":[{"taxonomy":"product_brand","embeddable":true,"href":"https:\/\/z-lacoursierebio.temoignagesvideo.com\/en\/wp-json\/wp\/v2\/product_brand?post=11717"},{"taxonomy":"product_cat","embeddable":true,"href":"https:\/\/z-lacoursierebio.temoignagesvideo.com\/en\/wp-json\/wp\/v2\/product_cat?post=11717"},{"taxonomy":"product_tag","embeddable":true,"href":"https:\/\/z-lacoursierebio.temoignagesvideo.com\/en\/wp-json\/wp\/v2\/product_tag?post=11717"}],"curies":[{"name":"wp","href":"https:\/\/api.w.org\/{rel}","templated":true}]}}