{"id":1216,"date":"2019-12-05T10:28:00","date_gmt":"2019-12-05T15:28:00","guid":{"rendered":"https:\/\/www.lacoursierebio-organic.com\/?post_type=product&#038;p=1216"},"modified":"2025-09-08T11:54:52","modified_gmt":"2025-09-08T15:54:52","slug":"baume-hydratant-joues-levres","status":"publish","type":"product","link":"https:\/\/z-lacoursierebio.temoignagesvideo.com\/en\/product\/baume-hydratant-joues-levres\/","title":{"rendered":"Cheek &amp; Lip Balm"},"content":{"rendered":"<p>Ce baume hydrate et prot\u00e8ge les l\u00e8vres et les joues.\u00a0 Excellent pour la saison hivernale, ce baume protecteur peut aussi \u00eatre utilis\u00e9 sur les l\u00e8vres toute l&rsquo;ann\u00e9e!\u00a0 Nouveau, Eco format 18g.<\/p>","protected":false},"excerpt":{"rendered":"<p>Ce baume hydrate et prot\u00e8ge les l\u00e8vres et les joues.\u00a0 Excellent pour la saison hivernale, ce baume protecteur peut aussi \u00eatre utilis\u00e9 sur les l\u00e8vres toute l&rsquo;ann\u00e9e!<\/p>","protected":false},"featured_media":14061,"template":"","meta":[],"product_brand":[],"product_cat":[17,19],"product_tag":[],"class_list":{"0":"post-1216","1":"product","2":"type-product","3":"status-publish","4":"has-post-thumbnail","6":"product_cat-bebe","7":"product_cat-tout","9":"first","10":"instock","11":"taxable","12":"shipping-taxable","13":"purchasable","14":"product-type-simple"},"_links":{"self":[{"href":"https:\/\/z-lacoursierebio.temoignagesvideo.com\/en\/wp-json\/wp\/v2\/product\/1216","targetHints":{"allow":["GET"]}}],"collection":[{"href":"https:\/\/z-lacoursierebio.temoignagesvideo.com\/en\/wp-json\/wp\/v2\/product"}],"about":[{"href":"https:\/\/z-lacoursierebio.temoignagesvideo.com\/en\/wp-json\/wp\/v2\/types\/product"}],"wp:featuredmedia":[{"embeddable":true,"href":"https:\/\/z-lacoursierebio.temoignagesvideo.com\/en\/wp-json\/wp\/v2\/media\/14061"}],"wp:attachment":[{"href":"https:\/\/z-lacoursierebio.temoignagesvideo.com\/en\/wp-json\/wp\/v2\/media?parent=1216"}],"wp:term":[{"taxonomy":"product_brand","embeddable":true,"href":"https:\/\/z-lacoursierebio.temoignagesvideo.com\/en\/wp-json\/wp\/v2\/product_brand?post=1216"},{"taxonomy":"product_cat","embeddable":true,"href":"https:\/\/z-lacoursierebio.temoignagesvideo.com\/en\/wp-json\/wp\/v2\/product_cat?post=1216"},{"taxonomy":"product_tag","embeddable":true,"href":"https:\/\/z-lacoursierebio.temoignagesvideo.com\/en\/wp-json\/wp\/v2\/product_tag?post=1216"}],"curies":[{"name":"wp","href":"https:\/\/api.w.org\/{rel}","templated":true}]}}