{"id":147,"date":"2019-03-19T16:48:12","date_gmt":"2019-03-19T15:48:12","guid":{"rendered":"https:\/\/www.lacoursierebio-organic.com\/?post_type=product&#038;p=147"},"modified":"2025-03-15T09:39:46","modified_gmt":"2025-03-15T13:39:46","slug":"shampooing-botanika-2","status":"publish","type":"product","link":"https:\/\/z-lacoursierebio.temoignagesvideo.com\/en\/product\/shampooing-botanika-2\/","title":{"rendered":"Botanika Moisturizing shampoo"},"content":{"rendered":"<p><strong>Quinoa protein<\/strong>Quinoa has been cultivated for over 5,000 years and was highly prized by the Incas. High in antioxidants, gluten-free and rich in essential amino acids, this protein fortifies and protects hair.<\/p>\n<p><strong>Thyme:<\/strong> Favorisant l&rsquo;\u00e9quilibre, le thym purifie les cuirs chevelus gras et aide \u00e0 espacer les lavages.<\/p>\n<p><strong>Nettle:<\/strong>\u00a0Son grand pouvoir antioxydant stimule la pousse de cheveux, tonifie et donne de l&rsquo;\u00e9clat \u00e0 la tige capillaire.<\/p>\n<p><strong>Burdock:<\/strong>\u00a0Soothes sensitive or dry scalp, acting as a regulator and softener.<\/p>\n<p><strong>Aloe:<\/strong> Utilis\u00e9 pour son grand pouvoir hydratant, l&rsquo;alo\u00e8s\u00a0contribue \u00e0 redonner douceur et brillance aux cheveux<\/p>","protected":false},"excerpt":{"rendered":"<p><em>New!<\/em><\/p>\n<p>\u00c0 la recherche d&rsquo;un bon shampoing naturel qui mousse? Nous avons ce qu&rsquo;il vous faut!<\/p>\n<p>After several months of research and development, we developed THE formulation method to produce a natural shampoo that everyone would love.<\/p>\n<p>Notre shampoing Botanika est compos\u00e9 d\u2019une base v\u00e9g\u00e9tale ultra douce et d&rsquo;ingr\u00e9dients certifi\u00e9s par des organismes ind\u00e9pendants et reconnus. Ces ingr\u00e9dients certifi\u00e9s nous assurent des produits d\u2019une qualit\u00e9 sup\u00e9rieure, respectant les standards naturels et biologiques. \u00a0L\u2019alo\u00e8s*, la bardane*, le thym*, l&rsquo;ortie et la prot\u00e9ine de quinoa*, composent notre formulation.<\/p>\n<p>*<strong>\u00a0ORGANIC ingredients verified by QU\u00c9BEC VRAI<\/strong>.<\/p>","protected":false},"featured_media":14068,"template":"","meta":[],"product_brand":[],"product_cat":[24,19],"product_tag":[],"class_list":{"0":"post-147","1":"product","2":"type-product","3":"status-publish","4":"has-post-thumbnail","6":"product_cat-adulte","7":"product_cat-tout","9":"first","10":"instock","11":"sale","12":"taxable","13":"shipping-taxable","14":"purchasable","15":"product-type-simple"},"_links":{"self":[{"href":"https:\/\/z-lacoursierebio.temoignagesvideo.com\/en\/wp-json\/wp\/v2\/product\/147","targetHints":{"allow":["GET"]}}],"collection":[{"href":"https:\/\/z-lacoursierebio.temoignagesvideo.com\/en\/wp-json\/wp\/v2\/product"}],"about":[{"href":"https:\/\/z-lacoursierebio.temoignagesvideo.com\/en\/wp-json\/wp\/v2\/types\/product"}],"wp:featuredmedia":[{"embeddable":true,"href":"https:\/\/z-lacoursierebio.temoignagesvideo.com\/en\/wp-json\/wp\/v2\/media\/14068"}],"wp:attachment":[{"href":"https:\/\/z-lacoursierebio.temoignagesvideo.com\/en\/wp-json\/wp\/v2\/media?parent=147"}],"wp:term":[{"taxonomy":"product_brand","embeddable":true,"href":"https:\/\/z-lacoursierebio.temoignagesvideo.com\/en\/wp-json\/wp\/v2\/product_brand?post=147"},{"taxonomy":"product_cat","embeddable":true,"href":"https:\/\/z-lacoursierebio.temoignagesvideo.com\/en\/wp-json\/wp\/v2\/product_cat?post=147"},{"taxonomy":"product_tag","embeddable":true,"href":"https:\/\/z-lacoursierebio.temoignagesvideo.com\/en\/wp-json\/wp\/v2\/product_tag?post=147"}],"curies":[{"name":"wp","href":"https:\/\/api.w.org\/{rel}","templated":true}]}}