{"id":35,"date":"2019-03-18T16:24:33","date_gmt":"2019-03-18T15:24:33","guid":{"rendered":"https:\/\/www.lacoursierebio-organic.com\/?post_type=product&#038;p=35"},"modified":"2025-12-12T11:35:48","modified_gmt":"2025-12-12T16:35:48","slug":"creme-de-change-douce-mousse-2","status":"publish","type":"product","link":"https:\/\/z-lacoursierebio.temoignagesvideo.com\/en\/product\/creme-de-change-douce-mousse-2\/","title":{"rendered":"Cr\u00e8me de change pour l&rsquo;\u00e9ryth\u00e8me fessier"},"content":{"rendered":"<h3>Apaise l\u2019\u00e9ryth\u00e8me fessier et les irritations de la peau<\/h3>\n<p>Cette cr\u00e8me ressemble davantage \u00e0 une pommade. Le mot \u00ab\u00a0cr\u00e8me\u00a0\u00bb sur l&rsquo;\u00e9tiquette fait r\u00e9f\u00e9rence \u00e0 un terme familier. Comme tous nos produits, elle a \u00e9t\u00e9 test\u00e9e sur des m\u00e8res et sur des b\u00e9b\u00e9s souffrant d&rsquo;\u00e9ryth\u00e8me fessier. Les r\u00e9sultats d&rsquo;efficacit\u00e9 ont \u00e9t\u00e9 unanimes. De plus, nous avons re\u00e7u de nombreux t\u00e9moignages \u00e0 son sujet. La texture, l&rsquo;odeur et le prix pour un contenant de 120g ont \u00e9galement \u00e9t\u00e9 tr\u00e8s appr\u00e9ci\u00e9s. L&rsquo;application d&rsquo;une fine couche de cr\u00e8me suffit, il suffit d&rsquo;une petite quantit\u00e9 pour obtenir d&rsquo;excellents r\u00e9sultats.<\/p>\n<h3>Utilis\u00e9 par les sportifs!<\/h3>\n<p>Notre cr\u00e8me est utilis\u00e9e par plusieurs sportifs qui souffrent d&rsquo;irritations \u00e0 l&rsquo;int\u00e9rieur des cuisses d\u00fb \u00e0 la pratique de leur sport.\u00a0 Les r\u00e9sultats sont sans \u00e9quivoques selon de nombreux t\u00e9moignages.<\/p>\n<p>&nbsp;<\/p>","protected":false},"excerpt":{"rendered":"<p>Cette cr\u00e8me ressemble davantage \u00e0 une pommade. Le mot \u00ab\u00a0cr\u00e8me\u00a0\u00bb sur l&rsquo;\u00e9tiquette fait r\u00e9f\u00e9rence \u00e0 un terme familier. Comme tous nos produits, elle a \u00e9t\u00e9 test\u00e9e sur des m\u00e8res et sur des b\u00e9b\u00e9s souffrant d&rsquo;\u00e9ryth\u00e8me fessier. Les r\u00e9sultats d&rsquo;efficacit\u00e9 ont \u00e9t\u00e9 unanimes. De plus, nous avons re\u00e7u de nombreux t\u00e9moignages \u00e0 son sujet. La texture, l&rsquo;odeur et le prix pour un contenant de 120g ont \u00e9galement \u00e9t\u00e9 tr\u00e8s appr\u00e9ci\u00e9s. L&rsquo;application d&rsquo;une fine couche de cr\u00e8me suffit, il suffit d&rsquo;une petite quantit\u00e9 pour obtenir d&rsquo;excellents r\u00e9sultats.<\/p>","protected":false},"featured_media":14193,"template":"","meta":[],"product_brand":[],"product_cat":[17,19],"product_tag":[],"class_list":{"0":"post-35","1":"product","2":"type-product","3":"status-publish","4":"has-post-thumbnail","6":"product_cat-bebe","7":"product_cat-tout","9":"first","10":"instock","11":"taxable","12":"shipping-taxable","13":"purchasable","14":"product-type-variable"},"_links":{"self":[{"href":"https:\/\/z-lacoursierebio.temoignagesvideo.com\/en\/wp-json\/wp\/v2\/product\/35","targetHints":{"allow":["GET"]}}],"collection":[{"href":"https:\/\/z-lacoursierebio.temoignagesvideo.com\/en\/wp-json\/wp\/v2\/product"}],"about":[{"href":"https:\/\/z-lacoursierebio.temoignagesvideo.com\/en\/wp-json\/wp\/v2\/types\/product"}],"wp:featuredmedia":[{"embeddable":true,"href":"https:\/\/z-lacoursierebio.temoignagesvideo.com\/en\/wp-json\/wp\/v2\/media\/14193"}],"wp:attachment":[{"href":"https:\/\/z-lacoursierebio.temoignagesvideo.com\/en\/wp-json\/wp\/v2\/media?parent=35"}],"wp:term":[{"taxonomy":"product_brand","embeddable":true,"href":"https:\/\/z-lacoursierebio.temoignagesvideo.com\/en\/wp-json\/wp\/v2\/product_brand?post=35"},{"taxonomy":"product_cat","embeddable":true,"href":"https:\/\/z-lacoursierebio.temoignagesvideo.com\/en\/wp-json\/wp\/v2\/product_cat?post=35"},{"taxonomy":"product_tag","embeddable":true,"href":"https:\/\/z-lacoursierebio.temoignagesvideo.com\/en\/wp-json\/wp\/v2\/product_tag?post=35"}],"curies":[{"name":"wp","href":"https:\/\/api.w.org\/{rel}","templated":true}]}}