{"id":37,"date":"2019-03-18T16:27:43","date_gmt":"2019-03-18T15:27:43","guid":{"rendered":"https:\/\/www.lacoursierebio-organic.com\/?post_type=product&#038;p=37"},"modified":"2025-12-10T22:15:59","modified_gmt":"2025-12-11T03:15:59","slug":"ecran-solaire-douce-mousse-100-naturel-2","status":"publish","type":"product","link":"https:\/\/z-lacoursierebio.temoignagesvideo.com\/en\/product\/ecran-solaire-douce-mousse-100-naturel-2\/","title":{"rendered":"Douce Mousse 100% natural sunscreen"},"content":{"rendered":"<h2>The new Douce Mousse premium sun protection in 7 key points<\/h2>\n<h5>1- Natural 100% physical sunscreen<\/h5>\n<p>L\u2019\u00e9cran solaire Douce Mousse MD est une protection physique et demeure sur la surface de la peau contrairement aux protections utilisant les filtres chimiques qui p\u00e9n\u00e8trent l\u2019\u00e9piderme. Plusieurs personnes ont d\u00e9j\u00e0 cru \u00e0 tort qu\u2019elles avaient fait une r\u00e9action au soleil, alors que leur r\u00e9action \u00e9tait plut\u00f4t due \u00e0 leur cr\u00e8me solaire contenant des filtres chimiques. D\u2019ailleurs, la plupart de ces lotions sont tr\u00e8s polluantes pour l\u2019environnement.<\/p>\n<p><strong>No compromise:<\/strong>\u00a0<strong><em>List of ingredients we do not use that are found in most chemical filters:<\/em><\/strong>\u00a0Oxybenzone, Octisalate, Octinoxate, Avobenzone, (Parsol), Octyl Methoxycinnamate, PABA, Benzophenone, 2-Ethylhexyl-4-Dimethylaminobenzoic acid...\u00a0<em><strong>Other ingredients that we don't use and that may be found in physical filters:<\/strong><\/em>\u00a0Polysorbate 20, Parfum ou fragrance synth\u00e9tique, PEG, Parabene, Phenoxyethalnol, Titanium dioxyde...<\/p>\n<h5>2- Natural and organic ingredients<\/h5>\n<p>All the ingredients in Douce Mousse MD sunscreen meet the most stringent standards for natural and organic formulation (pesticide-free, renewable and biodegradable).\u00a0<strong>Main ingredients:<\/strong>\u00a0<strong>Organic jojoba oil:<\/strong>\u00a0One of the Aztecs' favorite ingredients, jojoba oil is moisturizing and humectant, and suitable for even the most sensitive skin.\u00a0<strong>Organic shea butter:<\/strong>\u00a0Used in Africa for thousands of years, this ingredient is highly moisturizing and softens the skin.\u00a0<strong>Organic sunflower oil from Quebec:<\/strong>\u00a0Rich in vitamin E, very moisturizing and softening.\u00a0<strong>Buriti oil:\u00a0<\/strong>Directly from the Amazon rainforest of Brazil, very rich in carotenoids, antioxidant and photoprotector.  Prevents sun damage and gives a pretty beige-orange color to our sun lotion.\u00a0<strong>Zinc oxide:\u00a0<\/strong>Highly effective natural ingredient for sun protection. Becomes transparent on application when added to a quality formulation.<\/p>\n<h5>3- No nanoparticles<\/h5>\n<p>Almost all sun lotions that use chemical filters are absorbed by our children's skin. On the other hand, even natural ingredients like titanium dioxide and zinc oxide can be composed of nanoparticles, too fine to remain on the skin's surface. Look for products labelled \"nanoparticle-free\".<\/p>\n<h5>4 - High protection with SPF 30+.<\/h5>\n<p>SPF 30 is an excellent and sufficient choice for sun protection. Our sunscreen displays 30+ because the results obtained by a certified independent laboratory were superior to an SPF of 30.\u00a0<strong>What is SPF?<\/strong>\u00a0The protection factor is the SPF (Sun Protection Factor). This index mainly measures the duration of your sun protection after application. The SPF is multiplied by 10 minutes, which is equivalent to 300 minutes, or 5 hours for an SPF of 30. Your dermatologist recommends an SPF of 75? Tell him or her that no product can have an SPF higher than 50, according to the new regulations of the FDA (Food and Drug Administration), which has jurisdiction in Canada. An SPF of 75 won't offer your child any better protection. Many consumers mistakenly believe that an SPF of 50 offers twice as much protection as an SPF of 25. Duration alone is a significant factor. In the marketing frenzy for suncare products, some manufacturers are taking advantage of consumer confusion and offering SPFs of 90 and even 100.<\/p>\n<h5>5- Approved by Health Canada<\/h5>\n<p>To be sold in Canada, all sunscreen products must have an NPN or DIN number assigned by Health Canada. Our sunscreen displays an NPN (Natural Product Number) because it does not contain chemical filters, which are assigned a DIN number. Please note that Health Canada refers to the FDA (U.S.) regulations for the approval of sunscreens sold in Canada.<\/p>\n<h5>6- No superfluous endorsements<\/h5>\n<p>Many of these claims are being challenged because, in many cases, they give consumers a false sense of security. For our sunscreen, we only use the claims permitted by Health Canada, and our organic ingredients are verified by the independent organization Qu\u00e9bec Vrai.<\/p>\n<ul>\n<li><strong>Water-resistant:<\/strong>\u00a0The terms \"water-resistant\" or \"water-repellent\" can no longer be used. Manufacturers will simply have to specify the duration, either 40 or 80 minutes, for which their products protect in water or against sweat according to standard tests. With these very short timescales, you need to be vigilant and apply more than once when playing in the water, regardless of what the product says.<\/li>\n<li><strong>Approved by trade associations<\/strong>Many products are recognized or approved by various professional associations. Note that in most cases, the manufacturer simply has to pay a fee to the association and meet a few conditions. Many products bearing this label have not been tested.<\/li>\n<li><strong>Hypoallergenic:<\/strong>\u00a0All sunscreens, whether physical or chemical, and even those labelled hypoallergenic, should always be subjected to a small skin test. By applying a small amount to the inside of an arm or to a calf, and observing the skin after a few hours, you'll get your answer in most cases. Observe the area again after 48 hours to confirm the result.<\/li>\n<\/ul>\n<p>&nbsp;<\/p>","protected":false},"excerpt":{"rendered":"<p>L\u2019\u00e9cran solaire Douce Mousse MD est une protection min\u00e9rale, physique et demeure sur la surface de la peau contrairement aux protections utilisant les filtres chimiques qui p\u00e9n\u00e8trent l\u2019\u00e9piderme. Plusieurs personnes ont d\u00e9j\u00e0 cru \u00e0 tort qu\u2019elles avaient fait une r\u00e9action au soleil, alors que leur r\u00e9action \u00e9tait plut\u00f4t due \u00e0 leur cr\u00e8me solaire contenant des filtres chimiques. D\u2019ailleurs, la plupart de ces lotions sont tr\u00e8s polluantes pour l\u2019environnement.<\/p>","protected":false},"featured_media":14203,"template":"","meta":[],"product_brand":[],"product_cat":[17,19],"product_tag":[],"class_list":{"0":"post-37","1":"product","2":"type-product","3":"status-publish","4":"has-post-thumbnail","6":"product_cat-bebe","7":"product_cat-tout","9":"first","10":"instock","11":"taxable","12":"shipping-taxable","13":"purchasable","14":"product-type-variable"},"_links":{"self":[{"href":"https:\/\/z-lacoursierebio.temoignagesvideo.com\/en\/wp-json\/wp\/v2\/product\/37","targetHints":{"allow":["GET"]}}],"collection":[{"href":"https:\/\/z-lacoursierebio.temoignagesvideo.com\/en\/wp-json\/wp\/v2\/product"}],"about":[{"href":"https:\/\/z-lacoursierebio.temoignagesvideo.com\/en\/wp-json\/wp\/v2\/types\/product"}],"wp:featuredmedia":[{"embeddable":true,"href":"https:\/\/z-lacoursierebio.temoignagesvideo.com\/en\/wp-json\/wp\/v2\/media\/14203"}],"wp:attachment":[{"href":"https:\/\/z-lacoursierebio.temoignagesvideo.com\/en\/wp-json\/wp\/v2\/media?parent=37"}],"wp:term":[{"taxonomy":"product_brand","embeddable":true,"href":"https:\/\/z-lacoursierebio.temoignagesvideo.com\/en\/wp-json\/wp\/v2\/product_brand?post=37"},{"taxonomy":"product_cat","embeddable":true,"href":"https:\/\/z-lacoursierebio.temoignagesvideo.com\/en\/wp-json\/wp\/v2\/product_cat?post=37"},{"taxonomy":"product_tag","embeddable":true,"href":"https:\/\/z-lacoursierebio.temoignagesvideo.com\/en\/wp-json\/wp\/v2\/product_tag?post=37"}],"curies":[{"name":"wp","href":"https:\/\/api.w.org\/{rel}","templated":true}]}}