{"id":4536,"date":"2021-11-18T15:03:06","date_gmt":"2021-11-18T20:03:06","guid":{"rendered":"https:\/\/www.lacoursierebio-organic.com\/?post_type=product&#038;p=4536"},"modified":"2025-09-08T11:37:42","modified_gmt":"2025-09-08T15:37:42","slug":"baume-dallaitement-douce-mousse-20g","status":"publish","type":"product","link":"https:\/\/z-lacoursierebio.temoignagesvideo.com\/en\/product\/baume-dallaitement-douce-mousse-20g\/","title":{"rendered":"Douce Mousse Nursing Balm (20g)"},"content":{"rendered":"<p>Cr\u00e9\u00e9 \u00e0 partir d\u2019ingr\u00e9dients naturels et biologiques afin d\u2019apaiser, de calmer et de r\u00e9g\u00e9n\u00e9rer la peau des mamelons, ce baume d&rsquo;allaitement convient \u00e0 toutes mamans d\u00e9sirant allaiter.<\/p>\n<p>Knowing that it's safe for both you and baby, there's no need to worry about using it whenever and however often you feel the need. It's also naturally fragrance-free.<\/p>\n<p>Many moms have tried it, and it's been unanimously acclaimed. Douce Mousse nursing balm has been approved by none other than you, our valued customers, for its effectiveness and ease of application.<\/p>\n<p>We've included a few messages from mothers in the \"testimonials\" tab.<\/p>\n<p>&nbsp;<\/p>","protected":false},"excerpt":{"rendered":"<p>Since breastfeeding is a challenge in itself, our mission was to enable you to enjoy these beautiful moments without suffering from irritation or chapping. Every mother who wants to breastfeed her child deserves to put all the chances on her side, so that she can enjoy a wonderful milk adventure.<\/p>\n<p>This balm has been created from natural, organic ingredients to soothe, calm and regenerate nipple skin.<\/p>\n<p>&nbsp;<\/p>","protected":false},"featured_media":7832,"template":"","meta":[],"product_brand":[],"product_cat":[17,19],"product_tag":[],"class_list":{"0":"post-4536","1":"product","2":"type-product","3":"status-publish","4":"has-post-thumbnail","6":"product_cat-bebe","7":"product_cat-tout","9":"first","10":"instock","11":"taxable","12":"shipping-taxable","13":"purchasable","14":"product-type-simple"},"_links":{"self":[{"href":"https:\/\/z-lacoursierebio.temoignagesvideo.com\/en\/wp-json\/wp\/v2\/product\/4536","targetHints":{"allow":["GET"]}}],"collection":[{"href":"https:\/\/z-lacoursierebio.temoignagesvideo.com\/en\/wp-json\/wp\/v2\/product"}],"about":[{"href":"https:\/\/z-lacoursierebio.temoignagesvideo.com\/en\/wp-json\/wp\/v2\/types\/product"}],"wp:featuredmedia":[{"embeddable":true,"href":"https:\/\/z-lacoursierebio.temoignagesvideo.com\/en\/wp-json\/wp\/v2\/media\/7832"}],"wp:attachment":[{"href":"https:\/\/z-lacoursierebio.temoignagesvideo.com\/en\/wp-json\/wp\/v2\/media?parent=4536"}],"wp:term":[{"taxonomy":"product_brand","embeddable":true,"href":"https:\/\/z-lacoursierebio.temoignagesvideo.com\/en\/wp-json\/wp\/v2\/product_brand?post=4536"},{"taxonomy":"product_cat","embeddable":true,"href":"https:\/\/z-lacoursierebio.temoignagesvideo.com\/en\/wp-json\/wp\/v2\/product_cat?post=4536"},{"taxonomy":"product_tag","embeddable":true,"href":"https:\/\/z-lacoursierebio.temoignagesvideo.com\/en\/wp-json\/wp\/v2\/product_tag?post=4536"}],"curies":[{"name":"wp","href":"https:\/\/api.w.org\/{rel}","templated":true}]}}