{"id":51,"date":"2019-03-18T16:41:56","date_gmt":"2019-03-18T15:41:56","guid":{"rendered":"https:\/\/www.lacoursierebio-organic.com\/?post_type=product&#038;p=51"},"modified":"2025-03-15T10:00:51","modified_gmt":"2025-03-15T14:00:51","slug":"panier-cadeau","status":"publish","type":"product","link":"https:\/\/z-lacoursierebio.temoignagesvideo.com\/en\/product\/panier-cadeau\/","title":{"rendered":"Gift basket"},"content":{"rendered":"<p>Delivered directly to new parents with personalized message!<\/p>\n<p>Our Douce Mousse gift basket includes a body gel, a shampoo, a moisturizing lotion, a diaper rash cream, a baby travel kit with mini sizes, an organic cotton wipe and a plush toy.<\/p>\n<p><strong>Fast delivery:<\/strong> Livraison partout au Canada directement chez les nouveaux parents! Suite \u00e0 votre paiement, \u00e9crivez-nous \u00e0: commande@lacoursierebio-organic.com si vous d\u00e9sirez ajouter votre message personnalis\u00e9 qui appara\u00eetra dans une carte avec le panier. ( 75 mots maximum)\u00a0 Possibilit\u00e9 d&rsquo;ajouter un logo d&rsquo;entreprise si re\u00e7u en format JPEG.<\/p>","protected":false},"excerpt":{"rendered":"<p>Notre panier cadeau Douce Mousse contient un gel pour le corps, un shampooing, une lotion hydratante, une cr\u00e8me de change pour l\u2019\u00e9ryth\u00e8me fessier, une trousse b\u00e9b\u00e9 en voyage comprenant les mini formats, une lingette en coton bio ainsi qu&rsquo;une peluche<\/p>","protected":false},"featured_media":14073,"template":"","meta":[],"product_brand":[],"product_cat":[17,19],"product_tag":[],"class_list":{"0":"post-51","1":"product","2":"type-product","3":"status-publish","4":"has-post-thumbnail","6":"product_cat-bebe","7":"product_cat-tout","9":"first","10":"instock","11":"sale","12":"taxable","13":"shipping-taxable","14":"purchasable","15":"product-type-simple"},"_links":{"self":[{"href":"https:\/\/z-lacoursierebio.temoignagesvideo.com\/en\/wp-json\/wp\/v2\/product\/51","targetHints":{"allow":["GET"]}}],"collection":[{"href":"https:\/\/z-lacoursierebio.temoignagesvideo.com\/en\/wp-json\/wp\/v2\/product"}],"about":[{"href":"https:\/\/z-lacoursierebio.temoignagesvideo.com\/en\/wp-json\/wp\/v2\/types\/product"}],"wp:featuredmedia":[{"embeddable":true,"href":"https:\/\/z-lacoursierebio.temoignagesvideo.com\/en\/wp-json\/wp\/v2\/media\/14073"}],"wp:attachment":[{"href":"https:\/\/z-lacoursierebio.temoignagesvideo.com\/en\/wp-json\/wp\/v2\/media?parent=51"}],"wp:term":[{"taxonomy":"product_brand","embeddable":true,"href":"https:\/\/z-lacoursierebio.temoignagesvideo.com\/en\/wp-json\/wp\/v2\/product_brand?post=51"},{"taxonomy":"product_cat","embeddable":true,"href":"https:\/\/z-lacoursierebio.temoignagesvideo.com\/en\/wp-json\/wp\/v2\/product_cat?post=51"},{"taxonomy":"product_tag","embeddable":true,"href":"https:\/\/z-lacoursierebio.temoignagesvideo.com\/en\/wp-json\/wp\/v2\/product_tag?post=51"}],"curies":[{"name":"wp","href":"https:\/\/api.w.org\/{rel}","templated":true}]}}