{"id":9191,"date":"2023-05-12T12:53:39","date_gmt":"2023-05-12T16:53:39","guid":{"rendered":"https:\/\/www.lacoursierebio-organic.com\/?post_type=product&#038;p=9191"},"modified":"2025-03-14T17:07:47","modified_gmt":"2025-03-14T21:07:47","slug":"baume-a-levres","status":"publish","type":"product","link":"https:\/\/z-lacoursierebio.temoignagesvideo.com\/en\/product\/baume-a-levres\/","title":{"rendered":"Botanika Lip Balm"},"content":{"rendered":"<p>Ce baume hydrate et prot\u00e8ge les l\u00e8vres.\u00a0 Excellent pour apaiser les l\u00e8vre dess\u00e9ch\u00e9es, ce baume protecteur peut \u00eatre utilis\u00e9 toute l&rsquo;ann\u00e9e!<\/p>","protected":false},"excerpt":{"rendered":"<p>Ce baume hydrate et prot\u00e8ge les l\u00e8vres.\u00a0 Excellent pour apaiser les l\u00e8vres dess\u00e9ch\u00e9es, ce baume protecteur peut \u00eatre utilis\u00e9 toute l&rsquo;ann\u00e9e!<\/p>","protected":false},"featured_media":14059,"template":"","meta":[],"product_brand":[],"product_cat":[24,19],"product_tag":[],"class_list":{"0":"post-9191","1":"product","2":"type-product","3":"status-publish","4":"has-post-thumbnail","6":"product_cat-adulte","7":"product_cat-tout","9":"first","10":"instock","11":"taxable","12":"shipping-taxable","13":"purchasable","14":"product-type-simple"},"_links":{"self":[{"href":"https:\/\/z-lacoursierebio.temoignagesvideo.com\/en\/wp-json\/wp\/v2\/product\/9191","targetHints":{"allow":["GET"]}}],"collection":[{"href":"https:\/\/z-lacoursierebio.temoignagesvideo.com\/en\/wp-json\/wp\/v2\/product"}],"about":[{"href":"https:\/\/z-lacoursierebio.temoignagesvideo.com\/en\/wp-json\/wp\/v2\/types\/product"}],"wp:featuredmedia":[{"embeddable":true,"href":"https:\/\/z-lacoursierebio.temoignagesvideo.com\/en\/wp-json\/wp\/v2\/media\/14059"}],"wp:attachment":[{"href":"https:\/\/z-lacoursierebio.temoignagesvideo.com\/en\/wp-json\/wp\/v2\/media?parent=9191"}],"wp:term":[{"taxonomy":"product_brand","embeddable":true,"href":"https:\/\/z-lacoursierebio.temoignagesvideo.com\/en\/wp-json\/wp\/v2\/product_brand?post=9191"},{"taxonomy":"product_cat","embeddable":true,"href":"https:\/\/z-lacoursierebio.temoignagesvideo.com\/en\/wp-json\/wp\/v2\/product_cat?post=9191"},{"taxonomy":"product_tag","embeddable":true,"href":"https:\/\/z-lacoursierebio.temoignagesvideo.com\/en\/wp-json\/wp\/v2\/product_tag?post=9191"}],"curies":[{"name":"wp","href":"https:\/\/api.w.org\/{rel}","templated":true}]}}