{"id":9921,"date":"2023-07-05T16:08:28","date_gmt":"2023-07-05T20:08:28","guid":{"rendered":"https:\/\/www.lacoursierebio-organic.com\/?post_type=product&#038;p=9921"},"modified":"2025-03-14T16:26:21","modified_gmt":"2025-03-14T20:26:21","slug":"botanika-revitalisant","status":"publish","type":"product","link":"https:\/\/z-lacoursierebio.temoignagesvideo.com\/en\/product\/botanika-revitalisant\/","title":{"rendered":"Botanika Conditionner"},"content":{"rendered":"<p><strong>Inca Inchi Oil: <\/strong><em>The star ingredient in our conditioner!\u00a0<\/em>Huile pr\u00e9cieuse venant de la for\u00eat p\u00e9ruvienne et ayant des propri\u00e9t\u00e9s nutritives hors du commun sur les cheveux gr\u00e2ce \u00e0 sa grande charge en acides gras. Sa haute teneur en vitamine E permet aussi de r\u00e9parer et d&rsquo;adoucir les cheveux.<\/p>\n<p><strong>Quinoa protein<\/strong>Quinoa has been cultivated for over 5,000 years and was highly prized by the Incas. High in antioxidants, gluten-free and rich in essential amino acids, this protein fortifies and protects hair.<\/p>\n<p><strong>Thyme:<\/strong> Promoting balance, thyme purifies oily scalps and helps to space out washing.<\/p>\n<p><strong>Nettle:<\/strong>\u00a0Its high antioxidant power stimulates hair growth, and tones and brightens the hair shaft.<\/p>\n<p><strong>Burdock:<\/strong>\u00a0Soothes sensitive or dry scalp, acting as a regulator and softener.<\/p>","protected":false},"excerpt":{"rendered":"<p><em>New!<\/em><\/p>\n<p>The finishing touch to use after cleansing your hair with our brand new moisturizing shampoo.<\/p>\n<p>Notre revitalisant Botanika est compos\u00e9 d\u2019une base v\u00e9g\u00e9tale ultra douce et d&rsquo;ingr\u00e9dients certifi\u00e9s par des organismes ind\u00e9pendants et reconnus. Ces ingr\u00e9dients certifi\u00e9s nous assurent des produits d\u2019une qualit\u00e9 sup\u00e9rieure, respectant les standards naturels et biologiques. \u00a0L\u2019huile Inca Inchi*, la bardane*, le thym*, l&rsquo;ortie et la prot\u00e9ine de quinoa*, composent notre formulation.<\/p>\n<p>*<strong>\u00a0ORGANIC ingredients verified by QU\u00c9BEC VRAI<\/strong>.<\/p>","protected":false},"featured_media":14057,"template":"","meta":[],"product_brand":[],"product_cat":[24,19],"product_tag":[],"class_list":{"0":"post-9921","1":"product","2":"type-product","3":"status-publish","4":"has-post-thumbnail","6":"product_cat-adulte","7":"product_cat-tout","9":"first","10":"instock","11":"sale","12":"taxable","13":"shipping-taxable","14":"purchasable","15":"product-type-simple"},"_links":{"self":[{"href":"https:\/\/z-lacoursierebio.temoignagesvideo.com\/en\/wp-json\/wp\/v2\/product\/9921","targetHints":{"allow":["GET"]}}],"collection":[{"href":"https:\/\/z-lacoursierebio.temoignagesvideo.com\/en\/wp-json\/wp\/v2\/product"}],"about":[{"href":"https:\/\/z-lacoursierebio.temoignagesvideo.com\/en\/wp-json\/wp\/v2\/types\/product"}],"wp:featuredmedia":[{"embeddable":true,"href":"https:\/\/z-lacoursierebio.temoignagesvideo.com\/en\/wp-json\/wp\/v2\/media\/14057"}],"wp:attachment":[{"href":"https:\/\/z-lacoursierebio.temoignagesvideo.com\/en\/wp-json\/wp\/v2\/media?parent=9921"}],"wp:term":[{"taxonomy":"product_brand","embeddable":true,"href":"https:\/\/z-lacoursierebio.temoignagesvideo.com\/en\/wp-json\/wp\/v2\/product_brand?post=9921"},{"taxonomy":"product_cat","embeddable":true,"href":"https:\/\/z-lacoursierebio.temoignagesvideo.com\/en\/wp-json\/wp\/v2\/product_cat?post=9921"},{"taxonomy":"product_tag","embeddable":true,"href":"https:\/\/z-lacoursierebio.temoignagesvideo.com\/en\/wp-json\/wp\/v2\/product_tag?post=9921"}],"curies":[{"name":"wp","href":"https:\/\/api.w.org\/{rel}","templated":true}]}}